{"id":4747,"date":"2024-07-08T16:12:10","date_gmt":"2024-07-08T16:12:10","guid":{"rendered":"https:\/\/www.marretti.it\/grazie-per-averci-contattati\/"},"modified":"2024-07-08T16:20:48","modified_gmt":"2024-07-08T16:20:48","slug":"grazie-per-averci-contattati","status":"publish","type":"page","link":"https:\/\/www.marretti.it\/fr\/grazie-per-averci-contattati\/","title":{"rendered":"Merci de nous avoir contact\u00e9"},"content":{"rendered":"<p>Merci de nous avoir contact\u00e9.<br \/>\nNous r\u00e9pondrons \u00e0 votre demande dans les plus brefs d\u00e9lais.<\/p>\n<p><a href=\"http:\/\/www.marretti.it\/fr\/\">Continuer la navigation<\/a><\/p>\n","protected":false},"excerpt":{"rendered":"<p>Merci de nous avoir contact\u00e9. Nous r\u00e9pondrons \u00e0 votre demande dans les plus brefs d\u00e9lais. Continuer la navigation<\/p>\n","protected":false},"author":1,"featured_media":0,"parent":0,"menu_order":0,"comment_status":"closed","ping_status":"closed","template":"","meta":{"footnotes":""},"class_list":["post-4747","page","type-page","status-publish","hentry"],"yoast_head":"<!-- This site is optimized with the Yoast SEO plugin v27.4 - https:\/\/yoast.com\/product\/yoast-seo-wordpress\/ -->\n<title>Merci de nous avoir contact\u00e9 - Marretti scale<\/title>\n<meta name=\"robots\" content=\"index, follow, max-snippet:-1, max-image-preview:large, max-video-preview:-1\" \/>\n<link rel=\"canonical\" href=\"https:\/\/www.marretti.it\/fr\/grazie-per-averci-contattati\/\" \/>\n<meta property=\"og:locale\" content=\"fr_FR\" \/>\n<meta property=\"og:type\" content=\"article\" \/>\n<meta property=\"og:title\" content=\"Merci de nous avoir contact\u00e9 - Marretti scale\" \/>\n<meta property=\"og:description\" content=\"Merci de nous avoir contact\u00e9. Nous r\u00e9pondrons \u00e0 votre demande dans les plus brefs d\u00e9lais. Continuer la navigation\" \/>\n<meta property=\"og:url\" content=\"https:\/\/www.marretti.it\/fr\/grazie-per-averci-contattati\/\" \/>\n<meta property=\"og:site_name\" content=\"Marretti scale\" \/>\n<meta property=\"article:publisher\" content=\"https:\/\/www.facebook.com\/marretti.italy\" \/>\n<meta property=\"article:modified_time\" content=\"2024-07-08T16:20:48+00:00\" \/>\n<meta name=\"twitter:card\" content=\"summary_large_image\" \/>\n<meta name=\"twitter:label1\" content=\"Est. reading time\" \/>\n\t<meta name=\"twitter:data1\" content=\"1 minute\" \/>\n<script type=\"application\/ld+json\" class=\"yoast-schema-graph\">{\"@context\":\"https:\\\/\\\/schema.org\",\"@graph\":[{\"@type\":\"WebPage\",\"@id\":\"https:\\\/\\\/www.marretti.it\\\/fr\\\/grazie-per-averci-contattati\\\/\",\"url\":\"https:\\\/\\\/www.marretti.it\\\/fr\\\/grazie-per-averci-contattati\\\/\",\"name\":\"Merci de nous avoir contact\u00e9 - Marretti scale\",\"isPartOf\":{\"@id\":\"https:\\\/\\\/ww2.marretti.it\\\/#website\"},\"datePublished\":\"2024-07-08T16:12:10+00:00\",\"dateModified\":\"2024-07-08T16:20:48+00:00\",\"breadcrumb\":{\"@id\":\"https:\\\/\\\/www.marretti.it\\\/fr\\\/grazie-per-averci-contattati\\\/#breadcrumb\"},\"inLanguage\":\"fr-FR\",\"potentialAction\":[{\"@type\":\"ReadAction\",\"target\":[\"https:\\\/\\\/www.marretti.it\\\/fr\\\/grazie-per-averci-contattati\\\/\"]}]},{\"@type\":\"BreadcrumbList\",\"@id\":\"https:\\\/\\\/www.marretti.it\\\/fr\\\/grazie-per-averci-contattati\\\/#breadcrumb\",\"itemListElement\":[{\"@type\":\"ListItem\",\"position\":1,\"name\":\"Home\",\"item\":\"https:\\\/\\\/www.marretti.it\\\/fr\\\/\"},{\"@type\":\"ListItem\",\"position\":2,\"name\":\"Merci de nous avoir contact\u00e9\"}]},{\"@type\":\"WebSite\",\"@id\":\"https:\\\/\\\/ww2.marretti.it\\\/#website\",\"url\":\"https:\\\/\\\/ww2.marretti.it\\\/\",\"name\":\"Marretti scale\",\"description\":\"Qualit\u00e0 e design Made in Italy\",\"publisher\":{\"@id\":\"https:\\\/\\\/ww2.marretti.it\\\/#organization\"},\"potentialAction\":[{\"@type\":\"SearchAction\",\"target\":{\"@type\":\"EntryPoint\",\"urlTemplate\":\"https:\\\/\\\/ww2.marretti.it\\\/?s={search_term_string}\"},\"query-input\":{\"@type\":\"PropertyValueSpecification\",\"valueRequired\":true,\"valueName\":\"search_term_string\"}}],\"inLanguage\":\"fr-FR\"},{\"@type\":\"Organization\",\"@id\":\"https:\\\/\\\/ww2.marretti.it\\\/#organization\",\"name\":\"Marretti scale\",\"url\":\"https:\\\/\\\/ww2.marretti.it\\\/\",\"logo\":{\"@type\":\"ImageObject\",\"inLanguage\":\"fr-FR\",\"@id\":\"https:\\\/\\\/ww2.marretti.it\\\/#\\\/schema\\\/logo\\\/image\\\/\",\"url\":\"https:\\\/\\\/www.marretti.it\\\/site\\\/wp-content\\\/uploads\\\/2024\\\/05\\\/marretti-scale-italia-firenze.png\",\"contentUrl\":\"https:\\\/\\\/www.marretti.it\\\/site\\\/wp-content\\\/uploads\\\/2024\\\/05\\\/marretti-scale-italia-firenze.png\",\"width\":1200,\"height\":400,\"caption\":\"Marretti scale\"},\"image\":{\"@id\":\"https:\\\/\\\/ww2.marretti.it\\\/#\\\/schema\\\/logo\\\/image\\\/\"},\"sameAs\":[\"https:\\\/\\\/www.facebook.com\\\/marretti.italy\",\"https:\\\/\\\/www.youtube.com\\\/channel\\\/UC0Mby6XP9MFPjgl-Go-vWsA\"]}]}<\/script>\n<!-- \/ Yoast SEO plugin. -->","yoast_head_json":{"title":"Merci de nous avoir contact\u00e9 - Marretti scale","robots":{"index":"index","follow":"follow","max-snippet":"max-snippet:-1","max-image-preview":"max-image-preview:large","max-video-preview":"max-video-preview:-1"},"canonical":"https:\/\/www.marretti.it\/fr\/grazie-per-averci-contattati\/","og_locale":"fr_FR","og_type":"article","og_title":"Merci de nous avoir contact\u00e9 - Marretti scale","og_description":"Merci de nous avoir contact\u00e9. Nous r\u00e9pondrons \u00e0 votre demande dans les plus brefs d\u00e9lais. Continuer la navigation","og_url":"https:\/\/www.marretti.it\/fr\/grazie-per-averci-contattati\/","og_site_name":"Marretti scale","article_publisher":"https:\/\/www.facebook.com\/marretti.italy","article_modified_time":"2024-07-08T16:20:48+00:00","twitter_card":"summary_large_image","twitter_misc":{"Est. reading time":"1 minute"},"schema":{"@context":"https:\/\/schema.org","@graph":[{"@type":"WebPage","@id":"https:\/\/www.marretti.it\/fr\/grazie-per-averci-contattati\/","url":"https:\/\/www.marretti.it\/fr\/grazie-per-averci-contattati\/","name":"Merci de nous avoir contact\u00e9 - Marretti scale","isPartOf":{"@id":"https:\/\/ww2.marretti.it\/#website"},"datePublished":"2024-07-08T16:12:10+00:00","dateModified":"2024-07-08T16:20:48+00:00","breadcrumb":{"@id":"https:\/\/www.marretti.it\/fr\/grazie-per-averci-contattati\/#breadcrumb"},"inLanguage":"fr-FR","potentialAction":[{"@type":"ReadAction","target":["https:\/\/www.marretti.it\/fr\/grazie-per-averci-contattati\/"]}]},{"@type":"BreadcrumbList","@id":"https:\/\/www.marretti.it\/fr\/grazie-per-averci-contattati\/#breadcrumb","itemListElement":[{"@type":"ListItem","position":1,"name":"Home","item":"https:\/\/www.marretti.it\/fr\/"},{"@type":"ListItem","position":2,"name":"Merci de nous avoir contact\u00e9"}]},{"@type":"WebSite","@id":"https:\/\/ww2.marretti.it\/#website","url":"https:\/\/ww2.marretti.it\/","name":"Marretti scale","description":"Qualit\u00e0 e design Made in Italy","publisher":{"@id":"https:\/\/ww2.marretti.it\/#organization"},"potentialAction":[{"@type":"SearchAction","target":{"@type":"EntryPoint","urlTemplate":"https:\/\/ww2.marretti.it\/?s={search_term_string}"},"query-input":{"@type":"PropertyValueSpecification","valueRequired":true,"valueName":"search_term_string"}}],"inLanguage":"fr-FR"},{"@type":"Organization","@id":"https:\/\/ww2.marretti.it\/#organization","name":"Marretti scale","url":"https:\/\/ww2.marretti.it\/","logo":{"@type":"ImageObject","inLanguage":"fr-FR","@id":"https:\/\/ww2.marretti.it\/#\/schema\/logo\/image\/","url":"https:\/\/www.marretti.it\/site\/wp-content\/uploads\/2024\/05\/marretti-scale-italia-firenze.png","contentUrl":"https:\/\/www.marretti.it\/site\/wp-content\/uploads\/2024\/05\/marretti-scale-italia-firenze.png","width":1200,"height":400,"caption":"Marretti scale"},"image":{"@id":"https:\/\/ww2.marretti.it\/#\/schema\/logo\/image\/"},"sameAs":["https:\/\/www.facebook.com\/marretti.italy","https:\/\/www.youtube.com\/channel\/UC0Mby6XP9MFPjgl-Go-vWsA"]}]}},"_links":{"self":[{"href":"https:\/\/www.marretti.it\/fr\/wp-json\/wp\/v2\/pages\/4747","targetHints":{"allow":["GET"]}}],"collection":[{"href":"https:\/\/www.marretti.it\/fr\/wp-json\/wp\/v2\/pages"}],"about":[{"href":"https:\/\/www.marretti.it\/fr\/wp-json\/wp\/v2\/types\/page"}],"author":[{"embeddable":true,"href":"https:\/\/www.marretti.it\/fr\/wp-json\/wp\/v2\/users\/1"}],"replies":[{"embeddable":true,"href":"https:\/\/www.marretti.it\/fr\/wp-json\/wp\/v2\/comments?post=4747"}],"version-history":[{"count":3,"href":"https:\/\/www.marretti.it\/fr\/wp-json\/wp\/v2\/pages\/4747\/revisions"}],"predecessor-version":[{"id":4757,"href":"https:\/\/www.marretti.it\/fr\/wp-json\/wp\/v2\/pages\/4747\/revisions\/4757"}],"wp:attachment":[{"href":"https:\/\/www.marretti.it\/fr\/wp-json\/wp\/v2\/media?parent=4747"}],"curies":[{"name":"wp","href":"https:\/\/api.w.org\/{rel}","templated":true}]}}